

{"id":7035,"date":"2019-11-21T15:20:58","date_gmt":"2019-11-21T15:20:58","guid":{"rendered":"http:\/\/fynboschdesign.com\/product\/geel-dillenia-diy-weefpakket-klein\/"},"modified":"2026-02-04T20:05:22","modified_gmt":"2026-02-04T19:05:22","slug":"geel-dillenia-diy-weefpakket-klein","status":"publish","type":"product","link":"https:\/\/www.fynboschdesign.com\/nl\/product\/geel-dillenia-diy-weefpakket-klein\/","title":{"rendered":"Geel Dillenia DIY Weefpakket Klein"},"content":{"rendered":"<p>Een kleine doe-het-zelf set om je eigen, op de natuur ge\u00efnspireerde weefpatroon te cre\u00ebren in een delicaat houten frame.<\/p>\n<p>Elke set is ge\u00efnspireerd op de overvloedige kleurenpaletten van moeder natuur.<br \/>\nEen kleine botanische doe-het-zelf set om jezelf door de natuur ge\u00efnspireerde weefpatroon te cre\u00ebren in een delicaat houten frame.<\/p>\n<p>Elke set is ge\u00efnspireerd op de handgetekende botanische illustraties van Pierre-Joseph Redout\u00e9.<br \/>\nElke vezel is speciaal geselecteerd uit mijn persoonlijke collectie natuurlijke kunstgarens van over de hele wereld; van Zuid-Afrika naar Amerika naar Nederland etc.<\/p>\n<p>Elke set wordt geleverd in een prachtige, met de hand bedrukte katoenen tas van FynBosch Design met daarin een klein houten frame, bloemenillustratie, naald, basisinstructies en een handgeschreven label met alle informatie over de speciaal geselecteerde natuurlijke kunstgarens van het gekozen kleurenpalet.<\/p>\n<p>Geschatte afmeting houten frame: 6 x 5 cm<br \/>\nGeschatte maat garen: 60 cm per kleur<\/p>\n<p>xxx AANGEPASTE KLEURVERZOEKEN ZIJN WELKOM xxx<\/p>\n","protected":false},"excerpt":{"rendered":"<p>Een kleine doe-het-zelf set om je eigen, op de natuur ge\u00efnspireerde weefpatroon te cre\u00ebren in een delicaat houten frame. Elke set is ge\u00efnspireerd op de overvloedige kleurenpaletten van moeder natuur. Een kleine botanische doe-het-zelf set om jezelf door de natuur ge\u00efnspireerde weefpatroon te cre\u00ebren in een delicaat houten frame. Elke set is ge\u00efnspireerd op de [&#8230;]\n","protected":false},"featured_media":6013,"template":"","meta":[],"product_brand":[],"product_cat":[201,203,278],"product_tag":[],"class_list":{"0":"post-7035","1":"product","2":"type-product","3":"status-publish","4":"has-post-thumbnail","6":"product_cat-botanische-diy-pakketten","7":"product_cat-klein-weefpakket","8":"product_cat-brievenbus-cadeautjes","9":"product_shipping_class-brievenbus","11":"first","12":"instock","13":"taxable","14":"shipping-taxable","15":"purchasable","16":"product-type-variable"},"_links":{"self":[{"href":"https:\/\/www.fynboschdesign.com\/nl\/wp-json\/wp\/v2\/product\/7035","targetHints":{"allow":["GET"]}}],"collection":[{"href":"https:\/\/www.fynboschdesign.com\/nl\/wp-json\/wp\/v2\/product"}],"about":[{"href":"https:\/\/www.fynboschdesign.com\/nl\/wp-json\/wp\/v2\/types\/product"}],"wp:featuredmedia":[{"embeddable":true,"href":"https:\/\/www.fynboschdesign.com\/nl\/wp-json\/wp\/v2\/media\/6013"}],"wp:attachment":[{"href":"https:\/\/www.fynboschdesign.com\/nl\/wp-json\/wp\/v2\/media?parent=7035"}],"wp:term":[{"taxonomy":"product_brand","embeddable":true,"href":"https:\/\/www.fynboschdesign.com\/nl\/wp-json\/wp\/v2\/product_brand?post=7035"},{"taxonomy":"product_cat","embeddable":true,"href":"https:\/\/www.fynboschdesign.com\/nl\/wp-json\/wp\/v2\/product_cat?post=7035"},{"taxonomy":"product_tag","embeddable":true,"href":"https:\/\/www.fynboschdesign.com\/nl\/wp-json\/wp\/v2\/product_tag?post=7035"}],"curies":[{"name":"wp","href":"https:\/\/api.w.org\/{rel}","templated":true}]}}