

{"id":7206,"date":"2019-11-27T13:11:41","date_gmt":"2019-11-27T13:11:41","guid":{"rendered":"http:\/\/fynboschdesign.com\/product\/geel-kokardebloem-diy-weefpakket-groot\/"},"modified":"2023-11-22T18:09:50","modified_gmt":"2023-11-22T18:09:50","slug":"geel-kokardebloem-diy-weefpakket-groot","status":"publish","type":"product","link":"https:\/\/www.fynboschdesign.com\/nl\/product\/geel-kokardebloem-diy-weefpakket-groot\/","title":{"rendered":"Geel Kokardebloem DIY Weefpakket Groot"},"content":{"rendered":"<p>Een grote DIY-set om je eigen, door de natuur ge\u00efnspireerde weefpatroon te maken op een houten frame.<\/p>\n<p>Elke set is ge\u00efnspireerd op de handgetekende botanische illustraties van Pierre-Joseph Redout\u00e9.<br \/>\nElke kleur natuurlijk katoen is speciaal geselecteerd om de flora op de beste manier te complementeren.<\/p>\n<p>Elke set wordt geleverd in een prachtige, met de hand bedrukte katoenen tas van FynBosch Design met daarin een houten frame, shuttle, kam, hevelstang, bloemenillustratie, 4 katoenen ballen en basisinstructies.<\/p>\n<p>Geschatte afmetingen houten lijst: 16,5 x 22 cm<br \/>\nGeschatte grootte van het garen: 25m per kleur<\/p>\n<p>xxx AANGEPASTE KLEURVERZOEKEN ZIJN WELKOM xxx<\/p>\n","protected":false},"excerpt":{"rendered":"<p>Een grote DIY-set om je eigen, door de natuur ge\u00efnspireerde weefpatroon te maken op een houten frame. Elke set is ge\u00efnspireerd op de handgetekende botanische illustraties van Pierre-Joseph Redout\u00e9. Elke kleur natuurlijk katoen is speciaal geselecteerd om de flora op de beste manier te complementeren. Elke set wordt geleverd in een prachtige, met de hand [&#8230;]\n","protected":false},"featured_media":3556,"template":"","meta":[],"product_brand":[],"product_cat":[201,202],"product_tag":[],"class_list":{"0":"post-7206","1":"product","2":"type-product","3":"status-publish","4":"has-post-thumbnail","6":"product_cat-botanische-diy-pakketten","7":"product_cat-groot-weefpakket","8":"product_shipping_class-post-pakket","10":"first","11":"instock","12":"taxable","13":"shipping-taxable","14":"purchasable","15":"product-type-simple"},"_links":{"self":[{"href":"https:\/\/www.fynboschdesign.com\/nl\/wp-json\/wp\/v2\/product\/7206","targetHints":{"allow":["GET"]}}],"collection":[{"href":"https:\/\/www.fynboschdesign.com\/nl\/wp-json\/wp\/v2\/product"}],"about":[{"href":"https:\/\/www.fynboschdesign.com\/nl\/wp-json\/wp\/v2\/types\/product"}],"wp:featuredmedia":[{"embeddable":true,"href":"https:\/\/www.fynboschdesign.com\/nl\/wp-json\/wp\/v2\/media\/3556"}],"wp:attachment":[{"href":"https:\/\/www.fynboschdesign.com\/nl\/wp-json\/wp\/v2\/media?parent=7206"}],"wp:term":[{"taxonomy":"product_brand","embeddable":true,"href":"https:\/\/www.fynboschdesign.com\/nl\/wp-json\/wp\/v2\/product_brand?post=7206"},{"taxonomy":"product_cat","embeddable":true,"href":"https:\/\/www.fynboschdesign.com\/nl\/wp-json\/wp\/v2\/product_cat?post=7206"},{"taxonomy":"product_tag","embeddable":true,"href":"https:\/\/www.fynboschdesign.com\/nl\/wp-json\/wp\/v2\/product_tag?post=7206"}],"curies":[{"name":"wp","href":"https:\/\/api.w.org\/{rel}","templated":true}]}}